{"id":75,"date":"2013-11-07T00:25:37","date_gmt":"2013-11-06T23:25:37","guid":{"rendered":"http:\/\/tukabe.com\/compagnieducomplot.com\/?page_id=75"},"modified":"2024-04-10T13:47:08","modified_gmt":"2024-04-10T13:47:08","slug":"tschwarz","status":"publish","type":"page","link":"https:\/\/www.compagnieducomplot.com\/?page_id=75","title":{"rendered":"Tschwarz"},"content":{"rendered":"\n<p><strong>Un spectacle dans le noir total<\/strong><\/p>\n\n\n\n<figure class=\"wp-block-image\"><a href=\"http:\/\/compagnieducomplot.com\/wp-content\/uploads\/2013\/11\/1-Tschwarz-carte-image.jpg\"><img src=\"http:\/\/compagnieducomplot.com\/wp-content\/uploads\/2013\/11\/1-Tschwarz-carte-image.jpg\" alt=\"1) Tschwarz carte-image\" class=\"wp-image-225\"\/><\/a><\/figure>\n\n\n\n<figure class=\"wp-block-embed-youtube wp-block-embed is-type-video is-provider-youtube wp-embed-aspect-4-3 wp-has-aspect-ratio\"><div class=\"wp-block-embed__wrapper\">\n<iframe title=\"Sattler Stefan - Tschwarz\" width=\"500\" height=\"375\" src=\"https:\/\/www.youtube.com\/embed\/b1akxmzM9Hw?feature=oembed\" frameborder=\"0\" allow=\"accelerometer; autoplay; clipboard-write; encrypted-media; gyroscope; picture-in-picture; web-share\" referrerpolicy=\"strict-origin-when-cross-origin\" allowfullscreen><\/iframe>\n<\/div><\/figure>\n\n\n\n<p>Deux com\u00e9diens et une bruiteuse embarquent le public, sans aucun artifice technique, dans un tourbillon de situations quotidiennes, d&rsquo;univers inattendus et d&rsquo;espaces sonores singuliers. Oscillant entre l&rsquo;humour des bruits et l&rsquo;argot de la vie, l&rsquo;absurde des mots et les maux de l&rsquo;absurdit\u00e9, le trio donne naissance \u00e0 une trentaine de personnages qui nous touchent par leur incapacit\u00e9 \u00e0 communiquer. Vous allez voir ce que vous allez entendre.<\/p>\n\n\n\n<p>Id\u00e9e:&nbsp;<strong>Stefan Sattler&nbsp;<\/strong>&nbsp;-Avec<strong>: Stefan Sattler&nbsp;<\/strong>et<strong>&nbsp;Marc Gutlerner&nbsp;<\/strong>-Bruiteuse:&nbsp;<strong>Pauline Lemaire-D\u00e9maret &#8211;&nbsp;<\/strong>Mise en \u00e9coute&nbsp;:&nbsp;<strong>Heike Kossmann<\/strong> Tschwarz a \u00e9t\u00e9 jou\u00e9&nbsp;au: <strong>Th\u00e9\u00e2tre le Caf\u00e9<\/strong>, Bruxelles &#8211;&nbsp;&nbsp;<strong>Lucernaire<\/strong>&nbsp;Paris, Festival Cerise sur le g\u00e2teau&nbsp;<strong>CC Uccle<\/strong>&nbsp;&#8211;&nbsp;&nbsp;<strong>La Cambre<\/strong>&nbsp;(dans le cadre d\u2019un projet p\u00e9dagogique \u00e0 l&rsquo;Institut Sup\u00e9rieur d&rsquo;Architecture), Bruxelles<strong>&nbsp;&#8211; Bel RTL<\/strong>&nbsp;(dans le cadre d\u2019une conf\u00e9rence de presse) &#8211;&nbsp;<strong>Autonomies Li\u00e8ge<\/strong>&nbsp;(dans le cadre de&nbsp;l&rsquo;ann\u00e9e europ\u00e9enne des personnes handicap\u00e9es)<\/p>\n\n\n\n<h2><strong>La presse&#8230;<\/strong><\/h2>\n\n\n\n<figure class=\"wp-block-image\"><a href=\"http:\/\/compagnieducomplot.com\/wp-content\/uploads\/2013\/11\/2-tschwarz-critique1.bmp\"><img src=\"http:\/\/compagnieducomplot.com\/wp-content\/uploads\/2013\/11\/2-tschwarz-critique1.bmp\" alt=\"2) tschwarz critique\" class=\"wp-image-221\"\/><\/a><\/figure>\n\n\n\n<figure class=\"wp-block-image\"><a href=\"http:\/\/compagnieducomplot.com\/wp-content\/uploads\/2013\/11\/3-tschwarz-la-libre-culture1.bmp\"><img src=\"http:\/\/compagnieducomplot.com\/wp-content\/uploads\/2013\/11\/3-tschwarz-la-libre-culture1.bmp\" alt=\"3) tschwarz la libre culture\" class=\"wp-image-222\"\/><\/a><\/figure>\n\n\n\n<figure class=\"wp-block-image\"><a href=\"http:\/\/compagnieducomplot.com\/wp-content\/uploads\/2013\/11\/4-tschwarz-bulletin1.gif\"><img src=\"http:\/\/compagnieducomplot.com\/wp-content\/uploads\/2013\/11\/4-tschwarz-bulletin1.gif\" alt=\"4) tschwarz bulletin\" class=\"wp-image-223\"\/><\/a><\/figure>\n\n\n\n<p><\/p>\n","protected":false},"excerpt":{"rendered":"<p>Un spectacle dans le noir total Deux com\u00e9diens et une bruiteuse embarquent le public, sans aucun artifice technique, dans un tourbillon de situations quotidiennes, d&rsquo;univers inattendus et d&rsquo;espaces sonores singuliers. Oscillant entre l&rsquo;humour des bruits et l&rsquo;argot de la vie, l&rsquo;absurde des mots et les maux de l&rsquo;absurdit\u00e9, le trio donne naissance \u00e0 une trentaine [&hellip;]<\/p>\n","protected":false},"author":1,"featured_media":0,"parent":0,"menu_order":0,"comment_status":"open","ping_status":"open","template":"","meta":[],"_links":{"self":[{"href":"https:\/\/www.compagnieducomplot.com\/index.php?rest_route=\/wp\/v2\/pages\/75"}],"collection":[{"href":"https:\/\/www.compagnieducomplot.com\/index.php?rest_route=\/wp\/v2\/pages"}],"about":[{"href":"https:\/\/www.compagnieducomplot.com\/index.php?rest_route=\/wp\/v2\/types\/page"}],"author":[{"embeddable":true,"href":"https:\/\/www.compagnieducomplot.com\/index.php?rest_route=\/wp\/v2\/users\/1"}],"replies":[{"embeddable":true,"href":"https:\/\/www.compagnieducomplot.com\/index.php?rest_route=%2Fwp%2Fv2%2Fcomments&post=75"}],"version-history":[{"count":5,"href":"https:\/\/www.compagnieducomplot.com\/index.php?rest_route=\/wp\/v2\/pages\/75\/revisions"}],"predecessor-version":[{"id":1358,"href":"https:\/\/www.compagnieducomplot.com\/index.php?rest_route=\/wp\/v2\/pages\/75\/revisions\/1358"}],"wp:attachment":[{"href":"https:\/\/www.compagnieducomplot.com\/index.php?rest_route=%2Fwp%2Fv2%2Fmedia&parent=75"}],"curies":[{"name":"wp","href":"https:\/\/api.w.org\/{rel}","templated":true}]}}