{"id":154,"date":"2014-02-18T10:07:14","date_gmt":"2014-02-18T09:07:14","guid":{"rendered":"http:\/\/tukabe.com\/compagnieducomplot.com\/?page_id=154"},"modified":"2014-02-18T10:07:14","modified_gmt":"2014-02-18T09:07:14","slug":"la-compagnie","status":"publish","type":"page","link":"https:\/\/www.compagnieducomplot.com\/?page_id=154","title":{"rendered":"La Compagnie"},"content":{"rendered":"<p>&nbsp;<\/p>\n<p>&nbsp;<\/p>\n<p>La\u00a0<strong>Compagnie du Complot<\/strong>\u00a0est une compagnie de th\u00e9\u00e2tre fond\u00e9e en 1996 par\u00a0<em><strong>Heike Kossmann<\/strong>\u00a0<\/em>dans la volont\u00e9 de cr\u00e9er des spectacles int\u00e9grant des nationalit\u00e9s et des styles diff\u00e9rents, tant par le choix des com\u00e9diens qu\u2019\u00e0 travers l\u2019\u00e9criture.<\/p>\n<p>C\u2019est avec une expression th\u00e9\u00e2trale spontan\u00e9e, directe et concr\u00e8te qu\u2019 Heike m\u00e8ne \u00e0 bien ses projets. Le langage propre, la g\u00e9n\u00e9rosit\u00e9, la cr\u00e9ativit\u00e9 des com\u00e9diens et l\u2019\u00e9tat d\u00b4urgence constituent l\u2019\u00e9nergie de ses spectacles. La plupart des pi\u00e8ces repr\u00e9sentent un d\u00e9fi dans leur forme d\u2019expression et explorent au-del\u00e0\u00a0 des coutumes habituelles\u00a0:<strong><i>Tschwarz<\/i><\/strong>\u00a0\u2013 dans le noir total,\u00a0<strong><i>Genesis<\/i><\/strong>\u00a0et\u00a0<strong><i>Le Bal des Atrides<\/i>\u00a0<\/strong>pr\u00e9sent\u00e9s en 5 langues diff\u00e9rentes,\u00a0<strong><i>Alibi<\/i><\/strong>\u00a0 \u00e9tant un zapping de 3 pi\u00e8ces diff\u00e9rentes.<\/p>\n<p>La Compagnie s\u2019aventure dans l\u2019avant-gardisme, mais elle vise tout autant un grand public.<\/p>\n<p><strong>Le Bal des Atrides\u00a0<\/strong>d\u2019apr\u00e8s\u00a0<em>Eschyle<\/em>\u00a0est la premi\u00e8re cr\u00e9ation de la Compagnie et voit le jour en 1996, suivi en 2000 de\u00a0<strong>Genesis<\/strong>\u00a0et de\u00a0<strong>Tschwarz<\/strong>\u00a0, un spectacle d\u2019apr\u00e8s une id\u00e9e de\u00a0<em>Stefan Sattler<\/em>, membre de la Compagnie.<\/p>\n<p>En 2004, la Compagnie monte\u00a0<strong>Takatrouver<\/strong>, un spectacle jeune public avec 2 com\u00e9diens et un personnage \u00ab\u00a0virtuel\u00a0\u00bb sur grand \u00e9cran.<\/p>\n<p>Par la suite<i>,\u00a0<\/i>la Compagnie se consacre davantage \u00e0 la co-production d\u2019autres spectacles et \u00e0 des projets plus personnels impliquant ses membres, toujours avec l\u2019envie de renouer avec des cr\u00e9ations originales.<\/p>\n<p>Forte de sa longue exp\u00e9rience et des rencontres marquantes entre com\u00e9diens et metteur en sc\u00e8ne, la Compagnie d\u00e9cide d\u2019entamer en 2011 une nouvelle cr\u00e9ation dans une forme th\u00e9\u00e2trale inhabituelle, plus spontan\u00e9e, plus\u00a0crue, bas\u00e9e sur nos habitudes de consommation t\u00e9l\u00e9visuelle. C\u2019est ainsi qu\u2019en automne 2012, la compagnie produit la\u00a0 \u00ab\u00a0premi\u00e8re saison\u00a0\u00bb d\u2019<strong>ALIBI\u00a0<\/strong>: avec 6 \u00e9pisodes pendant 6 semaines cons\u00e9cutives \u00e0 la Cellule 133 de Bruxelles. Le succ\u00e8s est au rendez-vous. La salle est comble \u00e0 chaque repr\u00e9sentation. Plus de 700 spectateurs et beaucoup de refus\u2026.<\/p>\n<p>Fort de ce succ\u00e8s la Compagnie du Complot d\u00e9cide de r\u00e9cidiver. En mai-juin 2014, ce sera dans le cadre majestueux de la grande salle du\u00a0<strong>Th\u00e9\u00e2tre Saint-Michel<\/strong>\u00a0que le public pourra red\u00e9couvrir la saison 1, en 4 \u00e9pisodes remast\u00e9ris\u00e9s.<\/p>\n<p><a href=\"http:\/\/tukabe.com\/compagnieducomplot.com\/wp-admin\/post.php?post=496&amp;action=edit\">Edit this page<\/a><\/p>\n","protected":false},"excerpt":{"rendered":"<p>&nbsp; &nbsp; La\u00a0Compagnie du Complot\u00a0est une compagnie de th\u00e9\u00e2tre fond\u00e9e en 1996 par\u00a0Heike Kossmann\u00a0dans la volont\u00e9 de cr\u00e9er des spectacles int\u00e9grant des nationalit\u00e9s et des styles diff\u00e9rents, tant par le choix des com\u00e9diens qu\u2019\u00e0 travers l\u2019\u00e9criture. C\u2019est avec une expression th\u00e9\u00e2trale spontan\u00e9e, directe et concr\u00e8te qu\u2019 Heike m\u00e8ne \u00e0 bien ses projets. Le langage propre, [&hellip;]<\/p>\n","protected":false},"author":1,"featured_media":0,"parent":0,"menu_order":0,"comment_status":"open","ping_status":"open","template":"","meta":[],"_links":{"self":[{"href":"https:\/\/www.compagnieducomplot.com\/index.php?rest_route=\/wp\/v2\/pages\/154"}],"collection":[{"href":"https:\/\/www.compagnieducomplot.com\/index.php?rest_route=\/wp\/v2\/pages"}],"about":[{"href":"https:\/\/www.compagnieducomplot.com\/index.php?rest_route=\/wp\/v2\/types\/page"}],"author":[{"embeddable":true,"href":"https:\/\/www.compagnieducomplot.com\/index.php?rest_route=\/wp\/v2\/users\/1"}],"replies":[{"embeddable":true,"href":"https:\/\/www.compagnieducomplot.com\/index.php?rest_route=%2Fwp%2Fv2%2Fcomments&post=154"}],"version-history":[{"count":0,"href":"https:\/\/www.compagnieducomplot.com\/index.php?rest_route=\/wp\/v2\/pages\/154\/revisions"}],"wp:attachment":[{"href":"https:\/\/www.compagnieducomplot.com\/index.php?rest_route=%2Fwp%2Fv2%2Fmedia&parent=154"}],"curies":[{"name":"wp","href":"https:\/\/api.w.org\/{rel}","templated":true}]}}