{"id":1360,"date":"2024-06-18T20:47:18","date_gmt":"2024-06-18T20:47:18","guid":{"rendered":"http:\/\/www.compagnieducomplot.com\/?page_id=1360"},"modified":"2024-06-19T13:57:28","modified_gmt":"2024-06-19T13:57:28","slug":"tschwarz-2-0","status":"publish","type":"page","link":"https:\/\/www.compagnieducomplot.com\/?page_id=1360","title":{"rendered":"Tschwarz 2.0"},"content":{"rendered":"\n<div style=\"height:47px\" aria-hidden=\"true\" class=\"wp-block-spacer\"><\/div>\n\n\n\n<p>La Compagnie du Complot a le plaisir de vous inviter&nbsp;<strong><u>le jeudi 4 juillet<\/u><\/strong>&nbsp;\u00e0 un try-out de 20 minutes d\u2019une \u00ab nouvelle \u00bb version du spectacle&nbsp;<strong>Tschwarz<\/strong>&nbsp;&#8211; cr\u00e9e en 2002&nbsp;!!&nbsp;&nbsp;<\/p>\n\n\n\n<p>Si le c\u0153ur vous en dit, rendez-vous \u00e0 l\u2019une de nos s\u00e9ances \u00ab<em>&nbsp;work in progress&nbsp;\u00bb<\/em>&nbsp;le jeudi 4 juillet au caf\u00e9<br><br><strong><em>La Fleur en Papier Dor\u00e9 \/ Het Goudblommeke in Papier<\/em><\/strong><br><strong>rue des Alexiens\/Cellebroerstraat 55&nbsp;<\/strong><br><strong>1000 Bruxelles\/Brussel<\/strong><br>(\u00e0 un jet de pierre de la Gare Centrale)<\/p>\n\n\n\n<p>Pour information&nbsp;: La version actuelle, comme celle d\u2019il y a 22 ans, se jouera dans le noir total aussi bien pour les com\u00e9diens que les spectateurs.&nbsp;<\/p>\n\n\n\n<div style=\"height:20px\" aria-hidden=\"true\" class=\"wp-block-spacer\"><\/div>\n\n\n\n<p>C\u2019EST UNE EXP\u00c9RIENCE ACOUSTIQUE IMMERSIVE SANS AUCUN ARTIFICE TECHNIQUE, ET NOUS ESP\u00c9RONS, UNE FOIS DE PLUS, QUE VOUS \u00ab\u00a0ALLEZ VOIR\u00a0\u00bb CE QUE VOUS \u00ab\u00a0ALLEZ ENTENDRE\u00a0\u00bb.<\/p>\n\n\n\n<div style=\"height:20px\" aria-hidden=\"true\" class=\"wp-block-spacer\"><\/div>\n\n\n\n<p>Vous ne verrez jamais Tamara Geerts, Bernhard Zils et Stefan Sattler, mis en \u00e9coute par Heike Kossmann<\/p>\n\n\n\n<p>Etant donn\u00e9 que&nbsp;<strong>les places sont limit\u00e9es<\/strong>, nous avons ouvert&nbsp;<em>3 repr\u00e9sentations de 20 minutes&nbsp;<\/em>\u00e0 diff\u00e9rents moments de la journ\u00e9e, sur inscription uniquement.<\/p>\n\n\n\n<div style=\"height:47px\" aria-hidden=\"true\" class=\"wp-block-spacer\"><\/div>\n\n\n\n<p><strong><u>S\u00e9ances<\/u> : 15h30<\/strong> \/ <strong>19h00<\/strong> \/ <strong>20h00<\/strong><\/p>\n\n\n\n<div style=\"height:47px\" aria-hidden=\"true\" class=\"wp-block-spacer\"><\/div>\n\n\n\n<p>Si vous avez envie de participer \u00e0 un de nos try-out, merci de vous inscrire via courriel \u00e0 l\u2019adresse suivante:&nbsp;<a href=\"mailto:cieducomplot@gmail.com\"><strong>cieducomplot@gmail.com<\/strong><\/a>&nbsp;en nous pr\u00e9cisant l\u2019heure de la s\u00e9ance ainsi que le nombre de places souhait\u00e9es.<\/p>\n\n\n\n<p>L\u2019entr\u00e9e est totalement gratuite\u2026.la sortie \u00e9galement.<\/p>\n\n\n\n<p>Au plaisir de vous retrouver au bar de cet estaminet mythique apr\u00e8s les repr\u00e9sentations.&nbsp;<\/p>\n\n\n\n<p>La Compagnie du Complot<br><br><a href=\"https:\/\/goudblommekeinpapier.be\/\">goudblommekeinpapier.be\/<\/a><\/p>\n\n\n\n<p><\/p>\n","protected":false},"excerpt":{"rendered":"<p>La Compagnie du Complot a le plaisir de vous inviter&nbsp;le jeudi 4 juillet&nbsp;\u00e0 un try-out de 20 minutes d\u2019une \u00ab nouvelle \u00bb version du spectacle&nbsp;Tschwarz&nbsp;&#8211; cr\u00e9e en 2002&nbsp;!!&nbsp;&nbsp; Si le c\u0153ur vous en dit, rendez-vous \u00e0 l\u2019une de nos s\u00e9ances \u00ab&nbsp;work in progress&nbsp;\u00bb&nbsp;le jeudi 4 juillet au caf\u00e9 La Fleur en Papier Dor\u00e9 \/ Het [&hellip;]<\/p>\n","protected":false},"author":2,"featured_media":0,"parent":0,"menu_order":0,"comment_status":"closed","ping_status":"closed","template":"","meta":[],"_links":{"self":[{"href":"https:\/\/www.compagnieducomplot.com\/index.php?rest_route=\/wp\/v2\/pages\/1360"}],"collection":[{"href":"https:\/\/www.compagnieducomplot.com\/index.php?rest_route=\/wp\/v2\/pages"}],"about":[{"href":"https:\/\/www.compagnieducomplot.com\/index.php?rest_route=\/wp\/v2\/types\/page"}],"author":[{"embeddable":true,"href":"https:\/\/www.compagnieducomplot.com\/index.php?rest_route=\/wp\/v2\/users\/2"}],"replies":[{"embeddable":true,"href":"https:\/\/www.compagnieducomplot.com\/index.php?rest_route=%2Fwp%2Fv2%2Fcomments&post=1360"}],"version-history":[{"count":17,"href":"https:\/\/www.compagnieducomplot.com\/index.php?rest_route=\/wp\/v2\/pages\/1360\/revisions"}],"predecessor-version":[{"id":1381,"href":"https:\/\/www.compagnieducomplot.com\/index.php?rest_route=\/wp\/v2\/pages\/1360\/revisions\/1381"}],"wp:attachment":[{"href":"https:\/\/www.compagnieducomplot.com\/index.php?rest_route=%2Fwp%2Fv2%2Fmedia&parent=1360"}],"curies":[{"name":"wp","href":"https:\/\/api.w.org\/{rel}","templated":true}]}}