{"id":1225,"date":"2017-02-09T15:58:19","date_gmt":"2017-02-09T15:58:19","guid":{"rendered":"http:\/\/www.compagnieducomplot.com\/?page_id=1225"},"modified":"2017-02-09T22:02:42","modified_gmt":"2017-02-09T22:02:42","slug":"tamara-geerts-2","status":"publish","type":"page","link":"https:\/\/www.compagnieducomplot.com\/?page_id=1225","title":{"rendered":"Tamara Geerts"},"content":{"rendered":"<p>Auteur, compositeur, interpr\u00e8te<\/p>\n<p><a href=\"http:\/\/www.compagnieducomplot.com\/wp-content\/uploads\/2017\/02\/Tam-smile.jpg\"><img loading=\"lazy\" class=\"alignnone wp-image-1236\" src=\"http:\/\/www.compagnieducomplot.com\/wp-content\/uploads\/2017\/02\/Tam-smile.jpg\" alt=\"Tam smile\" width=\"468\" height=\"309\" srcset=\"https:\/\/www.compagnieducomplot.com\/wp-content\/uploads\/2017\/02\/Tam-smile.jpg 2032w, https:\/\/www.compagnieducomplot.com\/wp-content\/uploads\/2017\/02\/Tam-smile-300x198.jpg 300w, https:\/\/www.compagnieducomplot.com\/wp-content\/uploads\/2017\/02\/Tam-smile-1024x676.jpg 1024w, https:\/\/www.compagnieducomplot.com\/wp-content\/uploads\/2017\/02\/Tam-smile-299x197.jpg 299w\" sizes=\"(max-width: 468px) 100vw, 468px\" \/><\/a><\/p>\n<ul>\n<li>1990-1994\u00a0: formation musicale au Jazz Studio en chant. Cours de chant avec Patricia Buyssens, David Lynx, Judy Niemack, Mark Murphy.<\/li>\n<li>1992-2000\u00a0: formations continues en trompette et guitare, pratiques courantes<\/li>\n<li>1993-1998: cours de diction, d\u00e9clamation et th\u00e9\u00e2tre \u00e0 L\u2019Acad\u00e9mie de Saint-Gilles<\/li>\n<li>1993\u00a0: single pop \u2018Rien n\u2019a chang\u00e9\u2019 (Sony France)<\/li>\n<li>1994: album jazz-funk \u2018Shake The Chicken\u2019 (STC Productions)<\/li>\n<li>2000: co-\u00e9criture musique spectacle pour enfants \u2018J\u2019aurai ta peau\u2019 (Cie L\u2019Anneau)<\/li>\n<li>2001: EP jazz \u2018Out of the Blue\u2019 en trio avec Charles Loos et Dajo De Cauter (autoproduction)<\/li>\n<li>2001-2003\u00a0: professeur de chant aux Classes du rock (Nivelles)<\/li>\n<li>2005: album rock \u2018Emma Peal\u2019 de Emma Peal (PIAS)<\/li>\n<li>2008: cr\u00e9ation du groupe burlesque a cappella \u2018The Push-Ups\u2019 (concerts-performances au Dada Bar, Smartival, Humo TV Awards Ceremony \u00e0 l\u2019Ancienne Belgique, 20 ans de Classic 21 aux Halles de Schaerbeek, Pispotten festival, Pianofabriek, Les Bains, Les Brigitinnes, Magic Mirrors,\u2026<\/li>\n<li>2008\u00a0: spectacle \u2018Woodstock\u2019 avec BJ Scott (tourn\u00e9es en France)<\/li>\n<li>1999- aujourd\u2019hui\u00a0: voix parl\u00e9es et\/ou chant\u00e9es spots radio et t\u00e9l\u00e9<\/li>\n<li>2003-2006\u00a0: Th\u00e9rapeute Gestalt 1<sup>er<\/sup> et 2<sup>\u00e8me<\/sup> cycle (Arborescences, Bruxelles)<\/li>\n<li>2004\u20132010\u00a0: Bachelor en psychoth\u00e9rapie, sp\u00e9cialisation conseill\u00e8re conjugale et familiale<\/li>\n<li>2008-2011\u00a0: Fromation de th\u00e9rapeute par les sons et la musique (Pat Moffit Cook\/Open Ear Centrum\/ Seattle)<\/li>\n<li>2011-aujourd\u2019hui\u00a0: formation continue avec Pat Moffit Cook<\/li>\n<li>2015\u00a0: Formation en \u00e9nerg\u00e9tique avec Jan Janssen et Tetra<\/li>\n<li>Collaborations r\u00e9guli\u00e8res \u2013chant- avec artistes confirm\u00e9s dans des styles diff\u00e9rents\u00a0comme BJ Scott, Paul Personne, Axel Bauer, Charles Loos, Thierry Plas, Koen De Cauter, Eric Mellaerts, Bruno Castelucci, Frank Vagan\u00e9e, Manuel Hermia\u2026<\/li>\n<li>2016\u00a0: Cr\u00e9ation du spectacle \u00ab\u00a0About Nina Simone\u00a0\u00bb, porteuse du projet, chanteuse, com\u00e9dienne, auteur.<\/li>\n<\/ul>\n<p>&nbsp;<\/p>\n","protected":false},"excerpt":{"rendered":"<p>Auteur, compositeur, interpr\u00e8te 1990-1994\u00a0: formation musicale au Jazz Studio en chant. Cours de chant avec Patricia Buyssens, David Lynx, Judy Niemack, Mark Murphy. 1992-2000\u00a0: formations continues en trompette et guitare, pratiques courantes 1993-1998: cours de diction, d\u00e9clamation et th\u00e9\u00e2tre \u00e0 L\u2019Acad\u00e9mie de Saint-Gilles 1993\u00a0: single pop \u2018Rien n\u2019a chang\u00e9\u2019 (Sony France) 1994: album jazz-funk \u2018Shake [&hellip;]<\/p>\n","protected":false},"author":1,"featured_media":0,"parent":1050,"menu_order":0,"comment_status":"closed","ping_status":"closed","template":"","meta":[],"_links":{"self":[{"href":"https:\/\/www.compagnieducomplot.com\/index.php?rest_route=\/wp\/v2\/pages\/1225"}],"collection":[{"href":"https:\/\/www.compagnieducomplot.com\/index.php?rest_route=\/wp\/v2\/pages"}],"about":[{"href":"https:\/\/www.compagnieducomplot.com\/index.php?rest_route=\/wp\/v2\/types\/page"}],"author":[{"embeddable":true,"href":"https:\/\/www.compagnieducomplot.com\/index.php?rest_route=\/wp\/v2\/users\/1"}],"replies":[{"embeddable":true,"href":"https:\/\/www.compagnieducomplot.com\/index.php?rest_route=%2Fwp%2Fv2%2Fcomments&post=1225"}],"version-history":[{"count":14,"href":"https:\/\/www.compagnieducomplot.com\/index.php?rest_route=\/wp\/v2\/pages\/1225\/revisions"}],"predecessor-version":[{"id":1246,"href":"https:\/\/www.compagnieducomplot.com\/index.php?rest_route=\/wp\/v2\/pages\/1225\/revisions\/1246"}],"up":[{"embeddable":true,"href":"https:\/\/www.compagnieducomplot.com\/index.php?rest_route=\/wp\/v2\/pages\/1050"}],"wp:attachment":[{"href":"https:\/\/www.compagnieducomplot.com\/index.php?rest_route=%2Fwp%2Fv2%2Fmedia&parent=1225"}],"curies":[{"name":"wp","href":"https:\/\/api.w.org\/{rel}","templated":true}]}}