{"id":889,"date":"2014-03-27T11:30:55","date_gmt":"2014-03-27T10:30:55","guid":{"rendered":"http:\/\/tukabe.com\/compagnieducomplot.com\/?page_id=261"},"modified":"2016-03-15T22:29:46","modified_gmt":"2016-03-15T22:29:46","slug":"takatrouver","status":"publish","type":"page","link":"http:\/\/www.compagnieducomplot.com\/?page_id=889","title":{"rendered":"Taka&rsquo;trouver"},"content":{"rendered":"<p>&nbsp;<\/p>\n<p>Une cr\u00e9ation jeune publique<\/p>\n<p><b>\u00a0<a href=\"http:\/\/compagnieducomplot.com\/wp-content\/uploads\/2014\/03\/takatrouver-71.jpg\"><img loading=\"lazy\" class=\"alignnone wp-image-302\" src=\"http:\/\/compagnieducomplot.com\/wp-content\/uploads\/2014\/03\/takatrouver-71.jpg\" alt=\"takatrouver 7\" width=\"240\" height=\"360\" \/><\/a><\/b><\/p>\n<p><b><\/b>Dans le monde de Rita, la t\u00e9l\u00e9 est allum\u00e9e en permanence, sorte de bruit de fond continu. Un soir, Rita se fait interpeller par \u00ab\u00a0Toon\u00a0\u00bb, le pr\u00e9sentateur charismatique d&rsquo;une s\u00e9rie de dessins anim\u00e9s sur une cha\u00eene pour ados. Elle n\u2019en croit pas ses yeux. La t\u00e9l\u00e9 lui adresse la parole, et de surcro\u00eet un personnage anim\u00e9. Elle a beau activer sa t\u00e9l\u00e9commande, elle n\u2019arrive pas \u00e0 le faire dispara\u00eetre. Petit \u00e0 petit elle c\u00e8de devant le charme insistant du pr\u00e9sentateur et finit par accepter un nouveau rendez-vous t\u00e9l\u00e9visuel.<\/p>\n<p>&nbsp;<\/p>\n<p>Mise en sc\u00e8ne : <b>George Isherwood<\/b> &#8211; Direction d&rsquo;acteur : <b>Felicitas Friedrich<\/b> &#8211; Avec : <b>Heike Kossmann<\/b> et <b>Stefan Sattler<\/b> &#8211; \u00c8clairage : <b>Fred Delhaye<\/b> &#8211; Musique : <b>Philippe Reul<\/b> &#8211; Costumes : <b>Clothilde Coppieters<\/b> \u2013 Sc\u00e9nographie\/Objets\u00a0: <b>Eva Sauermann<\/b><\/p>\n<p>Masque\u00a0: <b>Hedwig Degelaen<\/b> &#8211; R\u00e9alisation vid\u00e9o\u00a0: <b>Elie Rabinovitch<\/b> &#8211; Infographie : <b>Co-toon<\/b><\/p>\n<p>&nbsp;<\/p>\n<p>Taka\u2019trouver a \u00e9t\u00e9 jou\u00e9 en Belgique (la Roseraie)<\/p>\n<p><a href=\"http:\/\/www.compagnieducomplot.com\/wp-content\/uploads\/2014\/03\/takatrouver-71.jpg\"><img loading=\"lazy\" class=\"alignnone size-medium wp-image-316\" src=\"http:\/\/www.compagnieducomplot.com\/wp-content\/uploads\/2014\/03\/takatrouver-71-200x300.jpg\" alt=\"taka'trouver\" width=\"200\" height=\"300\" srcset=\"http:\/\/www.compagnieducomplot.com\/wp-content\/uploads\/2014\/03\/takatrouver-71-200x300.jpg 200w, http:\/\/www.compagnieducomplot.com\/wp-content\/uploads\/2014\/03\/takatrouver-71-299x449.jpg 299w, http:\/\/www.compagnieducomplot.com\/wp-content\/uploads\/2014\/03\/takatrouver-71.jpg 400w\" sizes=\"(max-width: 200px) 100vw, 200px\" \/><\/a> <a href=\"http:\/\/www.compagnieducomplot.com\/wp-content\/uploads\/2014\/03\/takatrouver-81.jpg\"><img loading=\"lazy\" class=\"alignnone size-medium wp-image-318\" src=\"http:\/\/www.compagnieducomplot.com\/wp-content\/uploads\/2014\/03\/takatrouver-81-200x300.jpg\" alt=\"taka'trouver\" width=\"200\" height=\"300\" srcset=\"http:\/\/www.compagnieducomplot.com\/wp-content\/uploads\/2014\/03\/takatrouver-81-200x300.jpg 200w, http:\/\/www.compagnieducomplot.com\/wp-content\/uploads\/2014\/03\/takatrouver-81-299x449.jpg 299w, http:\/\/www.compagnieducomplot.com\/wp-content\/uploads\/2014\/03\/takatrouver-81.jpg 400w\" sizes=\"(max-width: 200px) 100vw, 200px\" \/><\/a> <a href=\"http:\/\/www.compagnieducomplot.com\/wp-content\/uploads\/2014\/03\/takatrouver-61.jpg\"><img loading=\"lazy\" class=\"alignnone size-medium wp-image-313\" src=\"http:\/\/www.compagnieducomplot.com\/wp-content\/uploads\/2014\/03\/takatrouver-61-200x300.jpg\" alt=\"taka'trouver\" width=\"200\" height=\"300\" srcset=\"http:\/\/www.compagnieducomplot.com\/wp-content\/uploads\/2014\/03\/takatrouver-61-200x300.jpg 200w, http:\/\/www.compagnieducomplot.com\/wp-content\/uploads\/2014\/03\/takatrouver-61-299x449.jpg 299w, http:\/\/www.compagnieducomplot.com\/wp-content\/uploads\/2014\/03\/takatrouver-61.jpg 400w\" sizes=\"(max-width: 200px) 100vw, 200px\" \/><\/a> <a href=\"http:\/\/www.compagnieducomplot.com\/wp-content\/uploads\/2014\/03\/takatrouver-5.jpg\"><img loading=\"lazy\" class=\"alignnone size-medium wp-image-312\" src=\"http:\/\/www.compagnieducomplot.com\/wp-content\/uploads\/2014\/03\/takatrouver-5-200x300.jpg\" alt=\"taka'trouver\" width=\"200\" height=\"300\" srcset=\"http:\/\/www.compagnieducomplot.com\/wp-content\/uploads\/2014\/03\/takatrouver-5-200x300.jpg 200w, http:\/\/www.compagnieducomplot.com\/wp-content\/uploads\/2014\/03\/takatrouver-5-299x449.jpg 299w, http:\/\/www.compagnieducomplot.com\/wp-content\/uploads\/2014\/03\/takatrouver-5.jpg 400w\" sizes=\"(max-width: 200px) 100vw, 200px\" \/><\/a> <a href=\"http:\/\/www.compagnieducomplot.com\/wp-content\/uploads\/2014\/03\/takatrouver-4.jpg\"><img loading=\"lazy\" class=\"alignnone size-medium wp-image-310\" src=\"http:\/\/www.compagnieducomplot.com\/wp-content\/uploads\/2014\/03\/takatrouver-4-200x300.jpg\" alt=\"taka'trouver\" width=\"200\" height=\"300\" srcset=\"http:\/\/www.compagnieducomplot.com\/wp-content\/uploads\/2014\/03\/takatrouver-4-200x300.jpg 200w, http:\/\/www.compagnieducomplot.com\/wp-content\/uploads\/2014\/03\/takatrouver-4-299x449.jpg 299w, http:\/\/www.compagnieducomplot.com\/wp-content\/uploads\/2014\/03\/takatrouver-4.jpg 400w\" sizes=\"(max-width: 200px) 100vw, 200px\" \/><\/a> <a href=\"http:\/\/www.compagnieducomplot.com\/wp-content\/uploads\/2014\/03\/takatrouver-2.jpg\"><img loading=\"lazy\" class=\"alignnone size-medium wp-image-308\" src=\"http:\/\/www.compagnieducomplot.com\/wp-content\/uploads\/2014\/03\/takatrouver-2-200x300.jpg\" alt=\"taka'trouver\" width=\"200\" height=\"300\" srcset=\"http:\/\/www.compagnieducomplot.com\/wp-content\/uploads\/2014\/03\/takatrouver-2-200x300.jpg 200w, http:\/\/www.compagnieducomplot.com\/wp-content\/uploads\/2014\/03\/takatrouver-2-299x449.jpg 299w, http:\/\/www.compagnieducomplot.com\/wp-content\/uploads\/2014\/03\/takatrouver-2.jpg 400w\" sizes=\"(max-width: 200px) 100vw, 200px\" \/><\/a> <a href=\"http:\/\/www.compagnieducomplot.com\/wp-content\/uploads\/2014\/03\/takatrouver-1.jpg\"><img loading=\"lazy\" class=\"alignnone size-medium wp-image-307\" src=\"http:\/\/www.compagnieducomplot.com\/wp-content\/uploads\/2014\/03\/takatrouver-1-200x300.jpg\" alt=\"taka'trouver\" width=\"200\" height=\"300\" srcset=\"http:\/\/www.compagnieducomplot.com\/wp-content\/uploads\/2014\/03\/takatrouver-1-200x300.jpg 200w, http:\/\/www.compagnieducomplot.com\/wp-content\/uploads\/2014\/03\/takatrouver-1-299x449.jpg 299w, http:\/\/www.compagnieducomplot.com\/wp-content\/uploads\/2014\/03\/takatrouver-1.jpg 400w\" sizes=\"(max-width: 200px) 100vw, 200px\" \/><\/a> <a href=\"http:\/\/www.compagnieducomplot.com\/wp-content\/uploads\/2014\/03\/takatrouver-3.jpg\"><img loading=\"lazy\" class=\"alignnone size-medium wp-image-309\" src=\"http:\/\/www.compagnieducomplot.com\/wp-content\/uploads\/2014\/03\/takatrouver-3-200x300.jpg\" alt=\"taka'trouver\" width=\"200\" height=\"300\" srcset=\"http:\/\/www.compagnieducomplot.com\/wp-content\/uploads\/2014\/03\/takatrouver-3-200x300.jpg 200w, http:\/\/www.compagnieducomplot.com\/wp-content\/uploads\/2014\/03\/takatrouver-3-299x449.jpg 299w, http:\/\/www.compagnieducomplot.com\/wp-content\/uploads\/2014\/03\/takatrouver-3.jpg 400w\" sizes=\"(max-width: 200px) 100vw, 200px\" \/><\/a><\/p>\n<p>Photos: \u00a9 Milena Strange<\/p>\n<p>&nbsp;<\/p>\n","protected":false},"excerpt":{"rendered":"<p>&nbsp; Une cr\u00e9ation jeune publique \u00a0 Dans le monde de Rita, la t\u00e9l\u00e9 est allum\u00e9e en permanence, sorte de bruit de fond continu. Un soir, Rita se fait interpeller par \u00ab\u00a0Toon\u00a0\u00bb, le pr\u00e9sentateur charismatique d&rsquo;une s\u00e9rie de dessins anim\u00e9s sur une cha\u00eene pour ados. Elle n\u2019en croit pas ses yeux. La t\u00e9l\u00e9 lui adresse la [&hellip;]<\/p>\n","protected":false},"author":1,"featured_media":0,"parent":0,"menu_order":0,"comment_status":"open","ping_status":"open","template":"","meta":[],"_links":{"self":[{"href":"http:\/\/www.compagnieducomplot.com\/index.php?rest_route=\/wp\/v2\/pages\/889"}],"collection":[{"href":"http:\/\/www.compagnieducomplot.com\/index.php?rest_route=\/wp\/v2\/pages"}],"about":[{"href":"http:\/\/www.compagnieducomplot.com\/index.php?rest_route=\/wp\/v2\/types\/page"}],"author":[{"embeddable":true,"href":"http:\/\/www.compagnieducomplot.com\/index.php?rest_route=\/wp\/v2\/users\/1"}],"replies":[{"embeddable":true,"href":"http:\/\/www.compagnieducomplot.com\/index.php?rest_route=%2Fwp%2Fv2%2Fcomments&post=889"}],"version-history":[{"count":4,"href":"http:\/\/www.compagnieducomplot.com\/index.php?rest_route=\/wp\/v2\/pages\/889\/revisions"}],"predecessor-version":[{"id":963,"href":"http:\/\/www.compagnieducomplot.com\/index.php?rest_route=\/wp\/v2\/pages\/889\/revisions\/963"}],"wp:attachment":[{"href":"http:\/\/www.compagnieducomplot.com\/index.php?rest_route=%2Fwp%2Fv2%2Fmedia&parent=889"}],"curies":[{"name":"wp","href":"https:\/\/api.w.org\/{rel}","templated":true}]}}