{"id":887,"date":"2013-11-04T21:23:54","date_gmt":"2013-11-04T21:23:54","guid":{"rendered":"http:\/\/tukabe.com\/compagnieducomplot.com\/?page_id=2"},"modified":"2025-10-22T10:27:16","modified_gmt":"2025-10-22T10:27:16","slug":"page-d-exemple","status":"publish","type":"page","link":"http:\/\/www.compagnieducomplot.com\/?page_id=887","title":{"rendered":"Heike Kossmann"},"content":{"rendered":"\n<figure class=\"wp-block-image size-large\"><img src=\"https:\/\/www.compagnieducomplot.com\/wp-content\/uploads\/2025\/10\/Heike-Kossmann-2025-2.jpeg\" alt=\"\" class=\"wp-image-1397\" width=\"500px\" srcset=\"http:\/\/www.compagnieducomplot.com\/wp-content\/uploads\/2025\/10\/Heike-Kossmann-2025-2.jpeg 972w, http:\/\/www.compagnieducomplot.com\/wp-content\/uploads\/2025\/10\/Heike-Kossmann-2025-2-300x206.jpeg 300w, http:\/\/www.compagnieducomplot.com\/wp-content\/uploads\/2025\/10\/Heike-Kossmann-2025-2-768x528.jpeg 768w, http:\/\/www.compagnieducomplot.com\/wp-content\/uploads\/2025\/10\/Heike-Kossmann-2025-2-299x205.jpeg 299w\" sizes=\"(max-width: 972px) 100vw, 972px\" \/><\/figure>\n\n\n<p>\u00a0<\/p>\n<p>Heike est com\u00e9dienne et metteuse en sc\u00e8ne d\u2019origine allemande.<\/p>\n<p>Elle a commenc\u00e9 son parcours adolescente au \u00ab\u00a0<em>Schlosstheater Moers\u00a0<\/em>\u00bb en Allemagne.<\/p>\n<p>Elle a jou\u00e9 dans diff\u00e9rentes compagnies th\u00e9\u00e2trales et encha\u00eene avec des r\u00f4les importants\u00a0 dans de nombreuses productions cin\u00e9matographiques et t\u00e9l\u00e9visuelles allemandes.<\/p>\n<p>Elle enrichie ses \u00e9tudes \u00e0 l\u2019<em>Ecole Philippe Gaulier<\/em> \u00e0 Londres, au <em>Lee Strasberg Theatre Institute<\/em> \u00e0 New York et chez <em>Carlo Boso,\u00a0 Yoshi Oida <\/em>et<em> Jos Houben<\/em>\u00a0\u00e0 Bruxelles et Paris.<\/p>\n<p>A Bruxelles, elle cr\u00e9e sa propre Compagnie, la Cie du Complot et se dirige de plus en plus vers la mise en sc\u00e8ne. Elle met \u00e9galement en sc\u00e8ne pour la compagnie flamande <em>Pantalone<\/em> avec laquelle elle a d\u00e9j\u00e0 r\u00e9alis\u00e9 plusieurs pi\u00e8ces avec des tourn\u00e9es internationales.<\/p>\n<p>Parall\u00e8lement \u00e0 son travail de mise en sc\u00e8ne, Heike pr\u00eate sa voix \u00e0 des documentaires, guides-audio, publicit\u00e9s, doublages\u00a0et toujours en allemand.<\/p>\n<p>\u00a0<\/p>","protected":false},"excerpt":{"rendered":"<p>\u00a0 Heike est com\u00e9dienne et metteuse en sc\u00e8ne d\u2019origine allemande. Elle a commenc\u00e9 son parcours adolescente au \u00ab\u00a0Schlosstheater Moers\u00a0\u00bb en Allemagne. Elle a jou\u00e9 dans diff\u00e9rentes compagnies th\u00e9\u00e2trales et encha\u00eene avec des r\u00f4les importants\u00a0 dans de nombreuses productions cin\u00e9matographiques et t\u00e9l\u00e9visuelles allemandes. Elle enrichie ses \u00e9tudes \u00e0 l\u2019Ecole Philippe Gaulier \u00e0 Londres, au Lee Strasberg [&hellip;]<\/p>\n","protected":false},"author":1,"featured_media":0,"parent":0,"menu_order":0,"comment_status":"open","ping_status":"open","template":"","meta":[],"_links":{"self":[{"href":"http:\/\/www.compagnieducomplot.com\/index.php?rest_route=\/wp\/v2\/pages\/887"}],"collection":[{"href":"http:\/\/www.compagnieducomplot.com\/index.php?rest_route=\/wp\/v2\/pages"}],"about":[{"href":"http:\/\/www.compagnieducomplot.com\/index.php?rest_route=\/wp\/v2\/types\/page"}],"author":[{"embeddable":true,"href":"http:\/\/www.compagnieducomplot.com\/index.php?rest_route=\/wp\/v2\/users\/1"}],"replies":[{"embeddable":true,"href":"http:\/\/www.compagnieducomplot.com\/index.php?rest_route=%2Fwp%2Fv2%2Fcomments&post=887"}],"version-history":[{"count":18,"href":"http:\/\/www.compagnieducomplot.com\/index.php?rest_route=\/wp\/v2\/pages\/887\/revisions"}],"predecessor-version":[{"id":1401,"href":"http:\/\/www.compagnieducomplot.com\/index.php?rest_route=\/wp\/v2\/pages\/887\/revisions\/1401"}],"wp:attachment":[{"href":"http:\/\/www.compagnieducomplot.com\/index.php?rest_route=%2Fwp%2Fv2%2Fmedia&parent=887"}],"curies":[{"name":"wp","href":"https:\/\/api.w.org\/{rel}","templated":true}]}}