{"id":621,"date":"2014-04-01T17:38:52","date_gmt":"2014-04-01T16:38:52","guid":{"rendered":"http:\/\/tukabe.com\/compagnieducomplot.com\/?page_id=621"},"modified":"2014-04-01T17:38:52","modified_gmt":"2014-04-01T16:38:52","slug":"un-zapping-au-theatre","status":"publish","type":"page","link":"http:\/\/www.compagnieducomplot.com\/?page_id=621","title":{"rendered":"Un zapping au th\u00e9\u00e2tre&#8230;"},"content":{"rendered":"<p>&nbsp;<\/p>\n<p>Un zapping\u2026 au th\u00e9\u00e2tre\u00a0?! Rien de plus simple, vous \u00eates assis avec vos amis pr\u00e9f\u00e9r\u00e9s, chaleureusement entour\u00e9s par le reste du public, qui \u00e0 son tour est entour\u00e9 par les trois sc\u00e8nes. Chaque sc\u00e8ne s\u2019animera \u00e0 tour de r\u00f4le, au fil du zapping et des intrigues, jusqu\u2019au d\u00e9nouement inattendu\u00a0!<\/p>\n<p>&nbsp;<\/p>\n<p>Bas\u00e9 sur le principe des Sitcoms (s\u00e9rie t\u00e9l\u00e9vis\u00e9es), le projet th\u00e9\u00e2tral imagin\u00e9 \u00e9volue autour de la cr\u00e9ation de feuilletons th\u00e9\u00e2traux hebdomadaires.<\/p>\n<p>Bien plus qu&rsquo;une seule fiction, 3 intrigues ind\u00e9pendantes sont pr\u00e9sent\u00e9es chaque semaine, sur 3 plateaux diff\u00e9rents.<\/p>\n<p>Chaque soir, le public d\u00e9couvre des \u00e9pisodes in\u00e9dits!<\/p>\n<p>Tel un zapping, les trois \u00ab\u00a0feuilletons\u00a0\u00bb sont divis\u00e9s en sc\u00e8nes successives, celles-ci \u00e9tant crois\u00e9es au gr\u00e9 des envies sc\u00e9niques.<\/p>\n<p>&nbsp;<\/p>\n<p>Attention\u00a0! Chaque lundi soir durant 4 semaines, on zappera entre 3 nouveaux \u00e9pisodes des pi\u00e8ces, que vous ne verrez donc qu\u2019une seule fois\u00a0! Ceci ne voulant pas dire que vous devez voir tous les \u00e9pisodes pour suivre, chaque \u00e9pisode \u00e9tant ind\u00e9pendant des autres. Toutefois la Compagnie du Complot, pour des raisons de sant\u00e9 et de s\u00e9curit\u00e9, vous recommande de suivre l\u2019aventure dans sa totalit\u00e9\u00a0!!<\/p>\n<p>&nbsp;<\/p>\n","protected":false},"excerpt":{"rendered":"<p>&nbsp; Un zapping\u2026 au th\u00e9\u00e2tre\u00a0?! Rien de plus simple, vous \u00eates assis avec vos amis pr\u00e9f\u00e9r\u00e9s, chaleureusement entour\u00e9s par le reste du public, qui \u00e0 son tour est entour\u00e9 par les trois sc\u00e8nes. Chaque sc\u00e8ne s\u2019animera \u00e0 tour de r\u00f4le, au fil du zapping et des intrigues, jusqu\u2019au d\u00e9nouement inattendu\u00a0! &nbsp; Bas\u00e9 sur le principe [&hellip;]<\/p>\n","protected":false},"author":1,"featured_media":0,"parent":0,"menu_order":0,"comment_status":"open","ping_status":"open","template":"","meta":[],"_links":{"self":[{"href":"http:\/\/www.compagnieducomplot.com\/index.php?rest_route=\/wp\/v2\/pages\/621"}],"collection":[{"href":"http:\/\/www.compagnieducomplot.com\/index.php?rest_route=\/wp\/v2\/pages"}],"about":[{"href":"http:\/\/www.compagnieducomplot.com\/index.php?rest_route=\/wp\/v2\/types\/page"}],"author":[{"embeddable":true,"href":"http:\/\/www.compagnieducomplot.com\/index.php?rest_route=\/wp\/v2\/users\/1"}],"replies":[{"embeddable":true,"href":"http:\/\/www.compagnieducomplot.com\/index.php?rest_route=%2Fwp%2Fv2%2Fcomments&post=621"}],"version-history":[{"count":0,"href":"http:\/\/www.compagnieducomplot.com\/index.php?rest_route=\/wp\/v2\/pages\/621\/revisions"}],"wp:attachment":[{"href":"http:\/\/www.compagnieducomplot.com\/index.php?rest_route=%2Fwp%2Fv2%2Fmedia&parent=621"}],"curies":[{"name":"wp","href":"https:\/\/api.w.org\/{rel}","templated":true}]}}