{"id":214,"date":"2014-03-27T10:06:54","date_gmt":"2014-03-27T09:06:54","guid":{"rendered":"http:\/\/tukabe.com\/compagnieducomplot.com\/?page_id=214"},"modified":"2015-09-16T15:30:55","modified_gmt":"2015-09-16T15:30:55","slug":"le-bal-des-atrides","status":"publish","type":"page","link":"http:\/\/www.compagnieducomplot.com\/?page_id=214","title":{"rendered":"Le Bal des Atrides"},"content":{"rendered":"<p>&nbsp;<\/p>\n<p>Une Tragedia dell\u2019Arte d\u2019apr\u00e8s Euripide &amp; Eschyle<\/p>\n<p>&nbsp;<\/p>\n<p><a href=\"http:\/\/compagnieducomplot.com\/wp-content\/uploads\/2014\/03\/affiche-Le-Bal-des-Atrides-1.jpg\"><img loading=\"lazy\" class=\"alignnone  wp-image-509\" alt=\"affiche Le Bal des Atrides 1\" src=\"http:\/\/compagnieducomplot.com\/wp-content\/uploads\/2014\/03\/affiche-Le-Bal-des-Atrides-1.jpg\" width=\"273\" height=\"199\" \/><\/a><\/p>\n<p>&nbsp;<\/p>\n<p>Une s\u00e9rie d\u2019actions sanglantes adapt\u00e9es de quatre trag\u00e9dies grecques et lanc\u00e9 sur sc\u00e8ne en 90 minutes avec rythme et humour. <b>Bal des Atrides<\/b>\u00a0est une adaptation originale, de la trag\u00e9die antique grecque <b>Iphig\u00e9nie<\/b>\u00a0d\u2019Euripide et l\u2019<b>Orestie <\/b>d\u2019Eschyle pr\u00e9sent\u00e9 en 4 langues (fran\u00e7ais, n\u00e9erlandais, espagnole et allemand). La pi\u00e8ce raconte le drame de la famille des Atrides en utilisant parfois le texte original, parfois une adaptation ludique.<\/p>\n<p>Concept et sc\u00e9nario: <b>Heike Kossmann<\/b> &#8211; Mise en sc\u00e8ne: <b>Heike Kossmann <\/b>&amp;<b> George Isherwood<\/b> &#8211; Avec: <b>Thierry Boivin, Gaby Cordova Seura, Heike Kossmann, Joris Lehr, Camille Matthys, Jo Reymen, <\/b>Musique: <b>Malik Choukrane<\/b> &#8211; D\u00e9cor: <b>Hakim Miftah<\/b> \u2013 Masques: <b>Ana Hopfer<\/b> &#8211; Costumes: <b>Chandra Vellut <\/b>assist\u00e9 par<b> Odile Dubrucq<\/b> &#8211; Lumi\u00e8re: <b>Laurent Everaerts<\/b><\/p>\n<p>Le Bal des Atrides a \u00e9t\u00e9 cr\u00e9\u00e9 en 1996 et a \u00e9t\u00e9 jou\u00e9 en\u00a0:<\/p>\n<p><b>Belgique<\/b> (l\u2019espace Catastrophe, Les Ateliers populaires \u2013 en <b>Allemagne<\/b> (Munich\/Stegen et Aix-la-Chapelle) et en <b>France<\/b> (Monpazier, Pujol et Castillonn\u00e8s)<\/p>\n<p>&nbsp;<\/p>\n<p><strong>La presse&#8230;<\/strong><\/p>\n<p>&nbsp;<\/p>\n<p><a href=\"http:\/\/compagnieducomplot.com\/wp-content\/uploads\/2014\/03\/2-Un-Hymne-Au-Theatre1.jpg\"><img loading=\"lazy\" class=\"alignnone  wp-image-342\" alt=\"2) Un Hymne Au Theatre\" src=\"http:\/\/compagnieducomplot.com\/wp-content\/uploads\/2014\/03\/2-Un-Hymne-Au-Theatre1.jpg\" width=\"912\" height=\"1199\" \/><\/a> <a href=\"http:\/\/compagnieducomplot.com\/wp-content\/uploads\/2014\/03\/3-Eine-Hymne-auf-das-Theater1.jpg\"><img loading=\"lazy\" class=\"alignnone  wp-image-343\" alt=\"3) Eine Hymne auf das Theater\" src=\"http:\/\/compagnieducomplot.com\/wp-content\/uploads\/2014\/03\/3-Eine-Hymne-auf-das-Theater1.jpg\" width=\"912\" height=\"1199\" \/><\/a> <a href=\"http:\/\/compagnieducomplot.com\/wp-content\/uploads\/2014\/03\/4-Le-Soir.jpg\"><img loading=\"lazy\" class=\"alignnone  wp-image-344\" alt=\"4) Le Soir\" src=\"http:\/\/compagnieducomplot.com\/wp-content\/uploads\/2014\/03\/4-Le-Soir.jpg\" width=\"912\" height=\"1199\" \/><\/a> <a href=\"http:\/\/compagnieducomplot.com\/wp-content\/uploads\/2014\/03\/5-Greuz-Echo1.jpg\"><img loading=\"lazy\" class=\"alignnone  wp-image-345\" alt=\"5) Greuz-Echo\" src=\"http:\/\/compagnieducomplot.com\/wp-content\/uploads\/2014\/03\/5-Greuz-Echo1.jpg\" width=\"1094\" height=\"1439\" \/><\/a> <a href=\"http:\/\/compagnieducomplot.com\/wp-content\/uploads\/2014\/03\/6-Hofer-Anzeiger1.jpg\"><img loading=\"lazy\" class=\"alignnone  wp-image-346\" alt=\"6) Hofer Anzeiger\" src=\"http:\/\/compagnieducomplot.com\/wp-content\/uploads\/2014\/03\/6-Hofer-Anzeiger1.jpg\" width=\"912\" height=\"1199\" \/><\/a> <a href=\"http:\/\/compagnieducomplot.com\/wp-content\/uploads\/2014\/03\/7-Aachener-Zeitung1.jpg\"><img loading=\"lazy\" class=\"alignnone  wp-image-347\" alt=\"7) Aachener Zeitung\" src=\"http:\/\/compagnieducomplot.com\/wp-content\/uploads\/2014\/03\/7-Aachener-Zeitung1.jpg\" width=\"912\" height=\"1199\" \/><\/a> <a href=\"http:\/\/compagnieducomplot.com\/wp-content\/uploads\/2014\/03\/8-Deze-Week-in-Brussel1.jpg\"><img loading=\"lazy\" class=\"alignnone  wp-image-348\" alt=\"8) Deze Week in Brussel\" src=\"http:\/\/compagnieducomplot.com\/wp-content\/uploads\/2014\/03\/8-Deze-Week-in-Brussel1.jpg\" width=\"912\" height=\"1199\" \/><\/a><\/p>\n","protected":false},"excerpt":{"rendered":"<p>&nbsp; Une Tragedia dell\u2019Arte d\u2019apr\u00e8s Euripide &amp; Eschyle &nbsp; &nbsp; Une s\u00e9rie d\u2019actions sanglantes adapt\u00e9es de quatre trag\u00e9dies grecques et lanc\u00e9 sur sc\u00e8ne en 90 minutes avec rythme et humour. Bal des Atrides\u00a0est une adaptation originale, de la trag\u00e9die antique grecque Iphig\u00e9nie\u00a0d\u2019Euripide et l\u2019Orestie d\u2019Eschyle pr\u00e9sent\u00e9 en 4 langues (fran\u00e7ais, n\u00e9erlandais, espagnole et allemand). La [&hellip;]<\/p>\n","protected":false},"author":1,"featured_media":0,"parent":137,"menu_order":1,"comment_status":"open","ping_status":"open","template":"","meta":[],"_links":{"self":[{"href":"http:\/\/www.compagnieducomplot.com\/index.php?rest_route=\/wp\/v2\/pages\/214"}],"collection":[{"href":"http:\/\/www.compagnieducomplot.com\/index.php?rest_route=\/wp\/v2\/pages"}],"about":[{"href":"http:\/\/www.compagnieducomplot.com\/index.php?rest_route=\/wp\/v2\/types\/page"}],"author":[{"embeddable":true,"href":"http:\/\/www.compagnieducomplot.com\/index.php?rest_route=\/wp\/v2\/users\/1"}],"replies":[{"embeddable":true,"href":"http:\/\/www.compagnieducomplot.com\/index.php?rest_route=%2Fwp%2Fv2%2Fcomments&post=214"}],"version-history":[{"count":3,"href":"http:\/\/www.compagnieducomplot.com\/index.php?rest_route=\/wp\/v2\/pages\/214\/revisions"}],"predecessor-version":[{"id":948,"href":"http:\/\/www.compagnieducomplot.com\/index.php?rest_route=\/wp\/v2\/pages\/214\/revisions\/948"}],"up":[{"embeddable":true,"href":"http:\/\/www.compagnieducomplot.com\/index.php?rest_route=\/wp\/v2\/pages\/137"}],"wp:attachment":[{"href":"http:\/\/www.compagnieducomplot.com\/index.php?rest_route=%2Fwp%2Fv2%2Fmedia&parent=214"}],"curies":[{"name":"wp","href":"https:\/\/api.w.org\/{rel}","templated":true}]}}