{"id":113,"date":"2013-11-07T00:36:19","date_gmt":"2013-11-06T23:36:19","guid":{"rendered":"http:\/\/tukabe.com\/compagnieducomplot.com\/?page_id=113"},"modified":"2016-03-15T22:22:54","modified_gmt":"2016-03-15T22:22:54","slug":"genesis","status":"publish","type":"page","link":"http:\/\/www.compagnieducomplot.com\/?page_id=113","title":{"rendered":"Genesis"},"content":{"rendered":"<p>&nbsp;<\/p>\n<p>&nbsp;<\/p>\n<p>Adaptation libre et multi-langues du premier livre de la Bible, la Gen\u00e8se<\/p>\n<p>&nbsp;<\/p>\n<p><a href=\"http:\/\/compagnieducomplot.com\/wp-content\/uploads\/2014\/03\/Genesis-carte.jpg\"><img loading=\"lazy\" class=\"alignnone wp-image-250\" src=\"http:\/\/compagnieducomplot.com\/wp-content\/uploads\/2014\/03\/Genesis-carte.jpg\" alt=\"Genesis carte\" width=\"567\" height=\"270\" \/><\/a><\/p>\n<p>&nbsp;<\/p>\n<p>Cinq com\u00e9diens et un musicien de diff\u00e9rentes nationalit\u00e9s vont vous raconter \u00ab la naissance \u00bb de l\u2019humanit\u00e9 \u00e0 leur mani\u00e8re ; telle une fable, tous ces \u00e9v\u00e9nements sont mis en sc\u00e8ne tant\u00f4t sur un ton humoristique, tant\u00f4t de mani\u00e8re \u00e9motionnelle, avec une \u00e9nergie sans pareille.<\/p>\n<p>Concept et sc\u00e9nario: <strong>Heike Kossmann<\/strong> &#8211; Mise en sc\u00e8ne: <strong>Heike Kossmann &amp; George Isherwood<\/strong> \u2013 Avec: <strong>Serap G\u00fcven<\/strong> (Amanda Kibble), <strong>Joris Lehr<\/strong>, <strong>Juan Marquez Garcia<\/strong>, <strong>Angela Monteiro<\/strong>, <strong>Stefan Sattler<\/strong> (Tim Peters) &#8211; Musique: <strong>Philippe Reul<\/strong> (Thierry Hercod) &#8211; Sc\u00e9nographie: <strong>David Christophe<\/strong> &#8211; Costumes :<strong> Clothilde Coppieters<\/strong> &#8211; Lumi\u00e8re: <strong>Laurent Everaerts<\/strong><\/p>\n<p><strong>Genesis<\/strong> a \u00e9t\u00e9 cr\u00e9\u00e9 en 2000 et \u00e9t\u00e9 jou\u00e9e en :<br \/>\n<strong>Belgique<\/strong> (CC de Woluwe Saint-Pierre, Botanique, Espace Senghor, CCLJ, Repr\u00e9sentation du Land NRW aupr\u00e8s de l\u2019Union europ\u00e9enne , Th\u00e9\u00e2tre le Moderne), aux <strong>Pays-Bas<\/strong> (Venlo) et en <strong>Allemagne<\/strong> (Hof, Aix-la-Chapelle).<\/p>\n\n\t\t<style type=\"text\/css\">\n\t\t\t#gallery-1 {\n\t\t\t\tmargin: auto;\n\t\t\t}\n\t\t\t#gallery-1 .gallery-item {\n\t\t\t\tfloat: left;\n\t\t\t\tmargin-top: 10px;\n\t\t\t\ttext-align: center;\n\t\t\t\twidth: 33%;\n\t\t\t}\n\t\t\t#gallery-1 img {\n\t\t\t\tborder: 2px solid #cfcfcf;\n\t\t\t}\n\t\t\t#gallery-1 .gallery-caption {\n\t\t\t\tmargin-left: 0;\n\t\t\t}\n\t\t\t\/* see gallery_shortcode() in wp-includes\/media.php *\/\n\t\t<\/style>\n\t\t<div id='gallery-1' class='gallery galleryid-113 gallery-columns-3 gallery-size-thumbnail'><dl class='gallery-item'>\n\t\t\t<dt class='gallery-icon landscape'>\n\t\t\t\t<a href='http:\/\/www.compagnieducomplot.com\/?attachment_id=278'><img width=\"150\" height=\"150\" src=\"http:\/\/www.compagnieducomplot.com\/wp-content\/uploads\/2013\/11\/Genesis-1-150x150.jpg\" class=\"attachment-thumbnail size-thumbnail\" alt=\"\" loading=\"lazy\" \/><\/a>\n\t\t\t<\/dt><\/dl><dl class='gallery-item'>\n\t\t\t<dt class='gallery-icon landscape'>\n\t\t\t\t<a href='http:\/\/www.compagnieducomplot.com\/?attachment_id=280'><img width=\"150\" height=\"150\" src=\"http:\/\/www.compagnieducomplot.com\/wp-content\/uploads\/2013\/11\/Genesis-2-150x150.jpg\" class=\"attachment-thumbnail size-thumbnail\" alt=\"\" loading=\"lazy\" \/><\/a>\n\t\t\t<\/dt><\/dl><dl class='gallery-item'>\n\t\t\t<dt class='gallery-icon landscape'>\n\t\t\t\t<a href='http:\/\/www.compagnieducomplot.com\/?attachment_id=282'><img width=\"150\" height=\"150\" src=\"http:\/\/www.compagnieducomplot.com\/wp-content\/uploads\/2013\/11\/Genesis-3-150x150.jpg\" class=\"attachment-thumbnail size-thumbnail\" alt=\"\" loading=\"lazy\" \/><\/a>\n\t\t\t<\/dt><\/dl><br style=\"clear: both\" \/><dl class='gallery-item'>\n\t\t\t<dt class='gallery-icon landscape'>\n\t\t\t\t<a href='http:\/\/www.compagnieducomplot.com\/?attachment_id=285'><img width=\"150\" height=\"150\" src=\"http:\/\/www.compagnieducomplot.com\/wp-content\/uploads\/2013\/11\/Genesis-41-150x150.jpg\" class=\"attachment-thumbnail size-thumbnail\" alt=\"\" loading=\"lazy\" \/><\/a>\n\t\t\t<\/dt><\/dl><dl class='gallery-item'>\n\t\t\t<dt class='gallery-icon landscape'>\n\t\t\t\t<a href='http:\/\/www.compagnieducomplot.com\/?attachment_id=286'><img width=\"150\" height=\"150\" src=\"http:\/\/www.compagnieducomplot.com\/wp-content\/uploads\/2013\/11\/Genesis-5-150x150.jpg\" class=\"attachment-thumbnail size-thumbnail\" alt=\"\" loading=\"lazy\" \/><\/a>\n\t\t\t<\/dt><\/dl><dl class='gallery-item'>\n\t\t\t<dt class='gallery-icon landscape'>\n\t\t\t\t<a href='http:\/\/www.compagnieducomplot.com\/?attachment_id=288'><img width=\"150\" height=\"150\" src=\"http:\/\/www.compagnieducomplot.com\/wp-content\/uploads\/2013\/11\/Genesis-5b-150x150.jpg\" class=\"attachment-thumbnail size-thumbnail\" alt=\"\" loading=\"lazy\" \/><\/a>\n\t\t\t<\/dt><\/dl><br style=\"clear: both\" \/><dl class='gallery-item'>\n\t\t\t<dt class='gallery-icon landscape'>\n\t\t\t\t<a href='http:\/\/www.compagnieducomplot.com\/?attachment_id=291'><img width=\"150\" height=\"150\" src=\"http:\/\/www.compagnieducomplot.com\/wp-content\/uploads\/2013\/11\/Genesis-6.1-150x150.jpg\" class=\"attachment-thumbnail size-thumbnail\" alt=\"\" loading=\"lazy\" \/><\/a>\n\t\t\t<\/dt><\/dl><dl class='gallery-item'>\n\t\t\t<dt class='gallery-icon landscape'>\n\t\t\t\t<a href='http:\/\/www.compagnieducomplot.com\/?attachment_id=292'><img width=\"150\" height=\"150\" src=\"http:\/\/www.compagnieducomplot.com\/wp-content\/uploads\/2013\/11\/Genesis-7-150x150.jpg\" class=\"attachment-thumbnail size-thumbnail\" alt=\"\" loading=\"lazy\" \/><\/a>\n\t\t\t<\/dt><\/dl>\n\t\t\t<br style='clear: both' \/>\n\t\t<\/div>\n\n<p>Photos: \u00a9 Laurent Everaerts<\/p>\n<p>&nbsp;<\/p>\n<p><strong>La presse<\/strong>\u2026<\/p>\n<p>\u00ab\u00a0Gr\u00e2ce \u00e0 une gestuelle bondissante et un rythme efficace, No\u00e9, Abraham, Isaac, Jacob, Sarah ou R\u00e9becca perdent leurs figures mythiques pour gagner un visage souriant. L\u2019humour est une langue universelle, et les cinq acteurs la ma\u00eetrise avec un feu de Dieu.\u00a0\u00bb (Le Soir)<\/p>\n<p>\u00ab Genesis lit les grands chapitres du livre fondateur des religions juive, chr\u00e9tienne et musulmane. Loin d\u2019\u00eatre uniquement p\u00e9dagogique, le projet rev\u00eat aussi une r\u00e9elle forme artistique r\u00e9v\u00e9lant six com\u00e9diens dou\u00e9s et pluriels. \u00bb (La Libre Belgique)<\/p>\n<p>\u00ab Dans les d\u00e9marches nouvelles on retiendra \u00ab Genesis \u00bb par la Compagnie du Complot, qui a fait le pari difficile de raconter le premier livre de la Bible dans une mise en sc\u00e8ne multilinguiste \u00e0 l\u2019instar de la tour de Babel, avec des com\u00e9diens talentueux eux aussi venant de tous horizons\u2026. \u00bb (La Libre Belgique)<\/p>\n<p>\u00ab\u00a0Un d\u00e9licieux moment de fra\u00eecheur intelligente capable de prouver que le gros livre de la messe peut \u00eatre tout autre chose que r\u00e9barbatif.\u00a0\u00bb (Le matin)<\/p>\n<p>\u00ab\u00a0Il s\u2019agit d\u2019abord d\u2019un travail multiculturel. Diverses langues cohabitent. Le comique se marie avec l\u2019\u00e9motion profonde. Bref, tout ce qui distingue l\u2019art dramatique des autres types de spectacles vivants se concentre ici \u00bb (Vers l\u2019Avenir)<\/p>\n<p>\u201cUn excellent divertissement rendu tr\u00e8s compr\u00e9hensible par la qualit\u00e9 du jeu et la simplification des situations.\u00a0\u00bb (Ligueur)<\/p>\n<p>\u00ab\u00a0The actors perform in a babble of tongues but the original message still comes across comical and clear.\u00a0\u00bb (The Bulletin)<\/p>\n<p>\u00ab\u00a0Damit tritt das babylonische Sprachgewirr durch die Zungen der Schauspieler, die in ihrer Muttersprache spielen &#8211; in Beziehung zu der vielsprachigen Realit\u00e4t Europas und der Zuschauer.\u00a0\u00bb (Kontakt)<\/p>\n<p>\u00ab\u00a0Compagnie du Complot brengt die belevenissen met humour en tegen een hoog tempo\u00a0\u00bb<br \/>\n(Brussel Deze Week)<\/p>\n<p>&nbsp;<\/p>\n<p><a href=\"http:\/\/tukabe.com\/compagnieducomplot.com\/wp-content\/uploads\/2014\/03\/Portfolio1.pdf\">\u00a0<\/a><a href=\"http:\/\/compagnieducomplot.com\/wp-content\/uploads\/2014\/03\/1-Affiche1.jpg\"><img loading=\"lazy\" class=\"alignnone wp-image-310\" src=\"http:\/\/compagnieducomplot.com\/wp-content\/uploads\/2014\/03\/1-Affiche1.jpg\" alt=\"1) Affiche Genesis\" width=\"912\" height=\"1256\" \/><\/a> <a href=\"http:\/\/compagnieducomplot.com\/wp-content\/uploads\/2014\/03\/10-Regards-CCLJ1.jpg\"><img loading=\"lazy\" class=\"alignnone wp-image-318\" src=\"http:\/\/compagnieducomplot.com\/wp-content\/uploads\/2014\/03\/10-Regards-CCLJ1.jpg\" alt=\"10) Regards (CCLJ)\" width=\"912\" height=\"1233\" \/><\/a> <a href=\"http:\/\/compagnieducomplot.com\/wp-content\/uploads\/2014\/03\/2-Libre-Belgiue-Libre-Culture-Le-Soir-11.jpg\"><img loading=\"lazy\" class=\"alignnone wp-image-311\" src=\"http:\/\/compagnieducomplot.com\/wp-content\/uploads\/2014\/03\/2-Libre-Belgiue-Libre-Culture-Le-Soir-11.jpg\" alt=\"2) Libre Belgiue, Libre Culture, Le Soir (1)\" width=\"918\" height=\"1261\" \/><\/a> <a href=\"http:\/\/compagnieducomplot.com\/wp-content\/uploads\/2014\/03\/5-La-Libre-Kontakt-The-Bulletin.jpg\"><img loading=\"lazy\" class=\"alignnone wp-image-313\" src=\"http:\/\/compagnieducomplot.com\/wp-content\/uploads\/2014\/03\/5-La-Libre-Kontakt-The-Bulletin.jpg\" alt=\"5) La Libre, Kontakt, The Bulletin\" width=\"711\" height=\"962\" \/><\/a> <a href=\"http:\/\/compagnieducomplot.com\/wp-content\/uploads\/2014\/03\/8-Brussel-Deze-Week1.jpg\"><img loading=\"lazy\" class=\"alignnone wp-image-316\" src=\"http:\/\/compagnieducomplot.com\/wp-content\/uploads\/2014\/03\/8-Brussel-Deze-Week1.jpg\" alt=\"8) Brussel Deze Week\" width=\"912\" height=\"1233\" \/><\/a> <a href=\"http:\/\/compagnieducomplot.com\/wp-content\/uploads\/2014\/03\/7-Scanned-at-9-19-2012-13-54-PM-41.jpg\"><img loading=\"lazy\" class=\"alignnone wp-image-315\" src=\"http:\/\/compagnieducomplot.com\/wp-content\/uploads\/2014\/03\/7-Scanned-at-9-19-2012-13-54-PM-41.jpg\" alt=\"7) Scanned at 9-19-2012 13-54 PM (4)\" width=\"912\" height=\"1256\" \/><\/a> <a href=\"http:\/\/compagnieducomplot.com\/wp-content\/uploads\/2014\/03\/6-Scanned-at-9-19-2012-13-54-PM-21.jpg\"><img loading=\"lazy\" class=\"alignnone wp-image-314\" src=\"http:\/\/compagnieducomplot.com\/wp-content\/uploads\/2014\/03\/6-Scanned-at-9-19-2012-13-54-PM-21.jpg\" alt=\"6) Scanned at 9-19-2012 13-54 PM (2)\" width=\"912\" height=\"1233\" \/><\/a> <a href=\"http:\/\/compagnieducomplot.com\/wp-content\/uploads\/2014\/03\/9-Kontakt1.jpg\"><img loading=\"lazy\" class=\"alignnone wp-image-317\" src=\"http:\/\/compagnieducomplot.com\/wp-content\/uploads\/2014\/03\/9-Kontakt1.jpg\" alt=\"9) Kontakt\" width=\"912\" height=\"1233\" \/><\/a><\/p>\n","protected":false},"excerpt":{"rendered":"<p>&nbsp; &nbsp; Adaptation libre et multi-langues du premier livre de la Bible, la Gen\u00e8se &nbsp; &nbsp; Cinq com\u00e9diens et un musicien de diff\u00e9rentes nationalit\u00e9s vont vous raconter \u00ab la naissance \u00bb de l\u2019humanit\u00e9 \u00e0 leur mani\u00e8re ; telle une fable, tous ces \u00e9v\u00e9nements sont mis en sc\u00e8ne tant\u00f4t sur un ton humoristique, tant\u00f4t de mani\u00e8re [&hellip;]<\/p>\n","protected":false},"author":1,"featured_media":0,"parent":0,"menu_order":0,"comment_status":"open","ping_status":"open","template":"","meta":[],"_links":{"self":[{"href":"http:\/\/www.compagnieducomplot.com\/index.php?rest_route=\/wp\/v2\/pages\/113"}],"collection":[{"href":"http:\/\/www.compagnieducomplot.com\/index.php?rest_route=\/wp\/v2\/pages"}],"about":[{"href":"http:\/\/www.compagnieducomplot.com\/index.php?rest_route=\/wp\/v2\/types\/page"}],"author":[{"embeddable":true,"href":"http:\/\/www.compagnieducomplot.com\/index.php?rest_route=\/wp\/v2\/users\/1"}],"replies":[{"embeddable":true,"href":"http:\/\/www.compagnieducomplot.com\/index.php?rest_route=%2Fwp%2Fv2%2Fcomments&post=113"}],"version-history":[{"count":2,"href":"http:\/\/www.compagnieducomplot.com\/index.php?rest_route=\/wp\/v2\/pages\/113\/revisions"}],"predecessor-version":[{"id":960,"href":"http:\/\/www.compagnieducomplot.com\/index.php?rest_route=\/wp\/v2\/pages\/113\/revisions\/960"}],"wp:attachment":[{"href":"http:\/\/www.compagnieducomplot.com\/index.php?rest_route=%2Fwp%2Fv2%2Fmedia&parent=113"}],"curies":[{"name":"wp","href":"https:\/\/api.w.org\/{rel}","templated":true}]}}